{"id":1670,"date":"2024-04-29T06:44:47","date_gmt":"2024-04-29T06:44:47","guid":{"rendered":"https:\/\/medgtechnik.com\/?page_id=1670"},"modified":"2025-07-25T11:19:41","modified_gmt":"2025-07-25T11:19:41","slug":"vermietung","status":"publish","type":"page","link":"https:\/\/medgtechnik.com\/deu\/unsere-leistungen\/vermietung\/","title":{"rendered":"Vermietung\u00a0"},"content":{"rendered":"\n<div class=\"wp-block-uagb-container background-pattern uagb-block-70a52583 alignfull uagb-is-root-container\"><div class=\"uagb-container-inner-blocks-wrap\">\n<div class=\"wp-block-uagb-info-box uagb-block-0c6ed9a4 uagb-infobox__content-wrap  uagb-infobox-icon-above-title uagb-infobox-image-valign-top wp-block-uagb-info-box--has-margin\"><div class=\"uagb-infobox-margin-wrapper\"><div class=\"uagb-ifb-content\"><div class=\"uagb-ifb-icon-wrap\"><svg xmlns=\"https:\/\/www.w3.org\/2000\/svg\" viewBox=\"0 0 512 512\"><path d=\"M256 0C397.4 0 512 114.6 512 256C512 397.4 397.4 512 256 512C201.7 512 151.2 495 109.7 466.1C95.2 455.1 91.64 436 101.8 421.5C111.9 407 131.8 403.5 146.3 413.6C177.4 435.3 215.2 448 256 448C362 448 448 362 448 256C448 149.1 362 64 256 64C202.1 64 155 85.46 120.2 120.2L151 151C166.1 166.1 155.4 192 134.1 192H24C10.75 192 0 181.3 0 168V57.94C0 36.56 25.85 25.85 40.97 40.97L74.98 74.98C121.3 28.69 185.3 0 255.1 0L256 0zM256 128C269.3 128 280 138.7 280 152V246.1L344.1 311C354.3 320.4 354.3 335.6 344.1 344.1C335.6 354.3 320.4 354.3 311 344.1L239 272.1C234.5 268.5 232 262.4 232 256V152C232 138.7 242.7 128 256 128V128z\"><\/path><\/svg><\/div><div class=\"uagb-ifb-title-wrap\"><h1 class=\"uagb-ifb-title\">Vermietung von Medizinprodukten<\/h1><\/div><\/div><\/div><\/div>\n\n\n\n<div class=\"wp-block-uagb-container uagb-block-b2156671 alignfull uagb-is-root-container\"><div class=\"uagb-container-inner-blocks-wrap\">\n<div class=\"wp-block-uagb-container uagb-block-fc06427f\">\n<div class=\"wp-block-uagb-advanced-heading uagb-block-15f76bdd\"><h2 class=\"uagb-heading-text\"><strong>Mietdienste f\u00fcr flexible Ger\u00e4tel\u00f6sungen<\/strong><\/h2><\/div>\n\n\n\n<p><strong>MedGTechnik <\/strong>bietet flexible Mietdienste f\u00fcr An\u00e4sthesie- und Beatmungsger\u00e4te an, die eine kosteneffiziente L\u00f6sung f\u00fcr Gesundheitsdienstleister mit tempor\u00e4rem oder dringendem Bedarf darstellen. Ob f\u00fcr kurzfristige Nutzung w\u00e4hrend der Wartung von Ger\u00e4ten, in Notfallsituationen oder zur Bew\u00e4ltigung erh\u00f6hter Patientennachfrage \u2013 die Mietger\u00e4te werden nach denselben hohen Standards gewartet wie die zum Verkauf angebotenen Ger\u00e4te, um optimale Leistung und Sicherheit zu gew\u00e4hrleisten. Dieser Service erm\u00f6glicht Krankenh\u00e4usern und Kliniken den Zugang zu modernster Technologie ohne die langfristige finanzielle Verpflichtung eines Kaufs. Die Mietvertr\u00e4ge von <strong>MedGTechnik <\/strong>sind auf Flexibilit\u00e4t ausgelegt, mit anpassbaren Konditionen und fachkundiger Unterst\u00fctzung, um eine nahtlose Integration in medizinische Arbeitsabl\u00e4ufe zu gew\u00e4hrleisten.<br><\/p>\n<\/div>\n\n\n\n<div class=\"wp-block-uagb-container uagb-block-8a2a05d3\">\n<figure class=\"wp-block-image size-full\"><img decoding=\"async\" src=\"https:\/\/medgtechnik.com\/wp-content\/uploads\/2024\/04\/m-accelerator-zJYMJIrQYTE-unsplash-scaled.jpg\" alt=\"\" class=\"wp-image-1674\" style=\"box-shadow:none\"\/><\/figure>\n<\/div>\n<\/div><\/div>\n\n\n\n<div class=\"wp-block-uagb-container uagb-block-3a779c6e alignfull uagb-is-root-container\"><div class=\"uagb-container-inner-blocks-wrap\">\n<div class=\"wp-block-uagb-info-box uagb-block-30c51ded uagb-infobox__content-wrap  uagb-infobox-icon-above-title uagb-infobox-image-valign-top\"><div class=\"uagb-ifb-content\"><div class=\"uagb-ifb-icon-wrap\"><svg xmlns=\"https:\/\/www.w3.org\/2000\/svg\" viewBox=\"0 0 576 512\"><path d=\"M96 0C107.5 0 117.4 8.19 119.6 19.51L121.1 32H541.8C562.1 32 578.3 52.25 572.6 72.66L518.6 264.7C514.7 278.5 502.1 288 487.8 288H170.7L179.9 336H488C501.3 336 512 346.7 512 360C512 373.3 501.3 384 488 384H159.1C148.5 384 138.6 375.8 136.4 364.5L76.14 48H24C10.75 48 0 37.25 0 24C0 10.75 10.75 0 24 0H96zM128 464C128 437.5 149.5 416 176 416C202.5 416 224 437.5 224 464C224 490.5 202.5 512 176 512C149.5 512 128 490.5 128 464zM512 464C512 490.5 490.5 512 464 512C437.5 512 416 490.5 416 464C416 437.5 437.5 416 464 416C490.5 416 512 437.5 512 464z\"><\/path><\/svg><\/div><div class=\"uagb-ifb-title-wrap\"><h3 class=\"uagb-ifb-title\">Erwerb von Medizinprodukten<\/h3><\/div><div class=\"uagb-ifb-button-wrapper wp-block-button\"><a href=\"\/deu\/unsere-leistungen\/erwerb\" class=\"uagb-infobox-cta-link wp-block-button__link\" target=\"_self\" rel=\"noopener noreferrer\" onclick=\"return true;\"><span class=\"uagb-inline-editing\">Mehr erfahren<\/span><svg xmlns=\"https:\/\/www.w3.org\/2000\/svg\" viewBox=\"0 0 448 512\"><path d=\"M438.6 278.6l-160 160C272.4 444.9 264.2 448 256 448s-16.38-3.125-22.62-9.375c-12.5-12.5-12.5-32.75 0-45.25L338.8 288H32C14.33 288 .0016 273.7 .0016 256S14.33 224 32 224h306.8l-105.4-105.4c-12.5-12.5-12.5-32.75 0-45.25s32.75-12.5 45.25 0l160 160C451.1 245.9 451.1 266.1 438.6 278.6z\"><\/path><\/svg><\/a><\/div><\/div><\/div>\n\n\n\n<div class=\"wp-block-uagb-info-box uagb-block-5a627fbe uagb-infobox__content-wrap  uagb-infobox-icon-above-title uagb-infobox-image-valign-top wp-block-uagb-info-box--has-margin\"><div class=\"uagb-infobox-margin-wrapper\"><div class=\"uagb-ifb-content\"><div class=\"uagb-ifb-icon-wrap\"><svg xmlns=\"https:\/\/www.w3.org\/2000\/svg\" viewBox=\"0 0 640 512\"><path d=\"M0 155.2C0 147.9 2.153 140.8 6.188 134.7L81.75 21.37C90.65 8.021 105.6 0 121.7 0H518.3C534.4 0 549.3 8.021 558.2 21.37L633.8 134.7C637.8 140.8 640 147.9 640 155.2C640 175.5 623.5 192 603.2 192H36.84C16.5 192 .0003 175.5 .0003 155.2H0zM64 224H128V384H320V224H384V464C384 490.5 362.5 512 336 512H112C85.49 512 64 490.5 64 464V224zM512 224H576V480C576 497.7 561.7 512 544 512C526.3 512 512 497.7 512 480V224z\"><\/path><\/svg><\/div><div class=\"uagb-ifb-title-wrap\"><h3 class=\"uagb-ifb-title\">Verkauf von Medizinprodukten<\/h3><\/div><div class=\"uagb-ifb-button-wrapper wp-block-button\"><a href=\"\/deu\/unsere-leistungen\/verkauf\" class=\"uagb-infobox-cta-link wp-block-button__link\" target=\"_self\" rel=\"noopener noreferrer\" onclick=\"return true;\"><span class=\"uagb-inline-editing\">Mehr erfahren<\/span><svg xmlns=\"https:\/\/www.w3.org\/2000\/svg\" viewBox=\"0 0 512 512\"><path d=\"M504.3 273.6l-112.1 104c-6.992 6.484-17.18 8.218-25.94 4.406c-8.758-3.812-14.42-12.45-14.42-21.1L351.9 288H32C14.33 288 .0002 273.7 .0002 255.1S14.33 224 32 224h319.9l0-72c0-9.547 5.66-18.19 14.42-22c8.754-3.809 18.95-2.075 25.94 4.41l112.1 104C514.6 247.9 514.6 264.1 504.3 273.6z\"><\/path><\/svg><\/a><\/div><\/div><\/div><\/div>\n<\/div><\/div>\n<\/div><\/div>\n","protected":false},"excerpt":{"rendered":"<p>Mietdienste f\u00fcr flexible Ger\u00e4tel\u00f6sungen MedGTechnik bietet flexible Mietdienste f\u00fcr An\u00e4sthesie- und Beatmungsger\u00e4te an, die eine kosteneffiziente L\u00f6sung f\u00fcr Gesundheitsdienstleister mit [&hellip;]<\/p>\n","protected":false},"author":1,"featured_media":0,"parent":889,"menu_order":0,"comment_status":"closed","ping_status":"closed","template":"","meta":{"_uag_custom_page_level_css":"","site-sidebar-layout":"default","site-content-layout":"","ast-site-content-layout":"full-width-container","site-content-style":"default","site-sidebar-style":"default","ast-global-header-display":"","ast-banner-title-visibility":"","ast-main-header-display":"","ast-hfb-above-header-display":"","ast-hfb-below-header-display":"","ast-hfb-mobile-header-display":"","site-post-title":"disabled","ast-breadcrumbs-content":"","ast-featured-img":"","footer-sml-layout":"","theme-transparent-header-meta":"","adv-header-id-meta":"","stick-header-meta":"","header-above-stick-meta":"","header-main-stick-meta":"","header-below-stick-meta":"","astra-migrate-meta-layouts":"set","ast-page-background-enabled":"default","ast-page-background-meta":{"desktop":{"background-color":"var(--ast-global-color-4)","background-image":"","background-repeat":"repeat","background-position":"center center","background-size":"auto","background-attachment":"scroll","background-type":"","background-media":"","overlay-type":"","overlay-color":"","overlay-opacity":"","overlay-gradient":""},"tablet":{"background-color":"","background-image":"","background-repeat":"repeat","background-position":"center center","background-size":"auto","background-attachment":"scroll","background-type":"","background-media":"","overlay-type":"","overlay-color":"","overlay-opacity":"","overlay-gradient":""},"mobile":{"background-color":"","background-image":"","background-repeat":"repeat","background-position":"center center","background-size":"auto","background-attachment":"scroll","background-type":"","background-media":"","overlay-type":"","overlay-color":"","overlay-opacity":"","overlay-gradient":""}},"ast-content-background-meta":{"desktop":{"background-color":"var(--ast-global-color-5)","background-image":"","background-repeat":"repeat","background-position":"center center","background-size":"auto","background-attachment":"scroll","background-type":"","background-media":"","overlay-type":"","overlay-color":"","overlay-opacity":"","overlay-gradient":""},"tablet":{"background-color":"var(--ast-global-color-5)","background-image":"","background-repeat":"repeat","background-position":"center center","background-size":"auto","background-attachment":"scroll","background-type":"","background-media":"","overlay-type":"","overlay-color":"","overlay-opacity":"","overlay-gradient":""},"mobile":{"background-color":"var(--ast-global-color-5)","background-image":"","background-repeat":"repeat","background-position":"center center","background-size":"auto","background-attachment":"scroll","background-type":"","background-media":"","overlay-type":"","overlay-color":"","overlay-opacity":"","overlay-gradient":""}},"footnotes":""},"class_list":["post-1670","page","type-page","status-publish","hentry"],"uagb_featured_image_src":{"full":false,"thumbnail":false,"medium":false,"medium_large":false,"large":false,"1536x1536":false,"2048x2048":false},"uagb_author_info":{"display_name":"admin","author_link":"https:\/\/medgtechnik.com\/deu\/author\/admin\/"},"uagb_comment_info":0,"uagb_excerpt":"Mietdienste f\u00fcr flexible Ger\u00e4tel\u00f6sungen MedGTechnik bietet flexible Mietdienste f\u00fcr An\u00e4sthesie- und Beatmungsger\u00e4te an, die eine kosteneffiziente L\u00f6sung f\u00fcr Gesundheitsdienstleister mit [&hellip;]","_links":{"self":[{"href":"https:\/\/medgtechnik.com\/deu\/wp-json\/wp\/v2\/pages\/1670","targetHints":{"allow":["GET"]}}],"collection":[{"href":"https:\/\/medgtechnik.com\/deu\/wp-json\/wp\/v2\/pages"}],"about":[{"href":"https:\/\/medgtechnik.com\/deu\/wp-json\/wp\/v2\/types\/page"}],"author":[{"embeddable":true,"href":"https:\/\/medgtechnik.com\/deu\/wp-json\/wp\/v2\/users\/1"}],"replies":[{"embeddable":true,"href":"https:\/\/medgtechnik.com\/deu\/wp-json\/wp\/v2\/comments?post=1670"}],"version-history":[{"count":4,"href":"https:\/\/medgtechnik.com\/deu\/wp-json\/wp\/v2\/pages\/1670\/revisions"}],"predecessor-version":[{"id":1953,"href":"https:\/\/medgtechnik.com\/deu\/wp-json\/wp\/v2\/pages\/1670\/revisions\/1953"}],"up":[{"embeddable":true,"href":"https:\/\/medgtechnik.com\/deu\/wp-json\/wp\/v2\/pages\/889"}],"wp:attachment":[{"href":"https:\/\/medgtechnik.com\/deu\/wp-json\/wp\/v2\/media?parent=1670"}],"curies":[{"name":"wp","href":"https:\/\/api.w.org\/{rel}","templated":true}]}}