{"id":1752,"date":"2024-05-14T06:29:46","date_gmt":"2024-05-14T06:29:46","guid":{"rendered":"https:\/\/medgtechnik.com\/?page_id=1752"},"modified":"2025-07-25T13:32:31","modified_gmt":"2025-07-25T13:32:31","slug":"impressum","status":"publish","type":"page","link":"https:\/\/medgtechnik.com\/deu\/impressum\/","title":{"rendered":"Impressum"},"content":{"rendered":"\n<div style=\"height:100px\" aria-hidden=\"true\" class=\"wp-block-spacer\"><\/div>\n\n\n\n<h1 class=\"wp-block-heading has-text-align-center\">Impressum<\/h1>\n\n\n\n<div style=\"height:30px\" aria-hidden=\"true\" class=\"wp-block-spacer\"><\/div>\n\n\n\n<div class=\"wp-block-uagb-container uagb-block-6ca04368 alignfull uagb-is-root-container\"><div class=\"uagb-container-inner-blocks-wrap\">\n<div style=\"height:60px\" aria-hidden=\"true\" class=\"wp-block-spacer\"><\/div>\n\n\n\n<h2 class=\"wp-block-heading\">MedGTechnik UG<\/h2>\n\n\n\n<p>Filippo Giaimo<br>Spezialisten f\u00fcr An\u00e4sthesie- &amp; Beatmungsger\u00e4te<br>M\u00fcnsterdamm 9<br>48366 Laer<\/p>\n\n\n\n<h3 class=\"wp-block-heading has-medium-font-size\">Kontakt<\/h3>\n\n\n\n<p>Telefon: +49 (0) 176 843 156 95<br>E-Mail: info@medgtechnik.com<\/p>\n\n\n\n<h3 class=\"wp-block-heading has-medium-font-size\">Umsatzsteuer-ID<\/h3>\n\n\n\n<p>Umsatzsteuer-Identifikationsnummer gem\u00e4\u00df \u00a7 27 a Umsatzsteuergesetz: DE366613502<\/p>\n\n\n\n<h3 class=\"wp-block-heading has-medium-font-size\">Verbraucherstreitbeilegung\/Universalschlichtungsstelle<\/h3>\n\n\n\n<p>Wir sind nicht bereit oder verpflichtet, an Streitbeilegungsverfahren vor einer<br>Verbraucherschlichtungsstelle teilzunehmen.<br><\/p>\n\n\n\n<h3 class=\"wp-block-heading has-medium-font-size\">Webseite<\/h3>\n\n\n\n<p>\u00a92024 Sprachbild Media |&nbsp;<a href=\"https:\/\/www.sprachbildmedia.com\/\">www.SprachbildMedia.com<\/a><\/p>\n\n\n\n<div style=\"height:60px\" aria-hidden=\"true\" class=\"wp-block-spacer\"><\/div>\n<\/div><\/div>\n","protected":false},"excerpt":{"rendered":"<p>Impressum MedGTechnik UG Filippo GiaimoSpezialisten f\u00fcr An\u00e4sthesie- &amp; Beatmungsger\u00e4teM\u00fcnsterdamm 948366 Laer Kontakt Telefon: +49 (0) 176 843 156 95E-Mail: info@medgtechnik.com [&hellip;]<\/p>\n","protected":false},"author":1,"featured_media":0,"parent":0,"menu_order":0,"comment_status":"closed","ping_status":"closed","template":"","meta":{"_uag_custom_page_level_css":"","site-sidebar-layout":"default","site-content-layout":"","ast-site-content-layout":"default","site-content-style":"unboxed","site-sidebar-style":"default","ast-global-header-display":"","ast-banner-title-visibility":"","ast-main-header-display":"","ast-hfb-above-header-display":"","ast-hfb-below-header-display":"","ast-hfb-mobile-header-display":"","site-post-title":"disabled","ast-breadcrumbs-content":"","ast-featured-img":"","footer-sml-layout":"","theme-transparent-header-meta":"","adv-header-id-meta":"","stick-header-meta":"","header-above-stick-meta":"","header-main-stick-meta":"","header-below-stick-meta":"","astra-migrate-meta-layouts":"set","ast-page-background-enabled":"default","ast-page-background-meta":{"desktop":{"background-color":"var(--ast-global-color-4)","background-image":"","background-repeat":"repeat","background-position":"center center","background-size":"auto","background-attachment":"scroll","background-type":"","background-media":"","overlay-type":"","overlay-color":"","overlay-opacity":"","overlay-gradient":""},"tablet":{"background-color":"","background-image":"","background-repeat":"repeat","background-position":"center center","background-size":"auto","background-attachment":"scroll","background-type":"","background-media":"","overlay-type":"","overlay-color":"","overlay-opacity":"","overlay-gradient":""},"mobile":{"background-color":"","background-image":"","background-repeat":"repeat","background-position":"center center","background-size":"auto","background-attachment":"scroll","background-type":"","background-media":"","overlay-type":"","overlay-color":"","overlay-opacity":"","overlay-gradient":""}},"ast-content-background-meta":{"desktop":{"background-color":"var(--ast-global-color-5)","background-image":"","background-repeat":"repeat","background-position":"center center","background-size":"auto","background-attachment":"scroll","background-type":"","background-media":"","overlay-type":"","overlay-color":"","overlay-opacity":"","overlay-gradient":""},"tablet":{"background-color":"var(--ast-global-color-5)","background-image":"","background-repeat":"repeat","background-position":"center center","background-size":"auto","background-attachment":"scroll","background-type":"","background-media":"","overlay-type":"","overlay-color":"","overlay-opacity":"","overlay-gradient":""},"mobile":{"background-color":"var(--ast-global-color-5)","background-image":"","background-repeat":"repeat","background-position":"center center","background-size":"auto","background-attachment":"scroll","background-type":"","background-media":"","overlay-type":"","overlay-color":"","overlay-opacity":"","overlay-gradient":""}},"footnotes":""},"class_list":["post-1752","page","type-page","status-publish","hentry"],"uagb_featured_image_src":{"full":false,"thumbnail":false,"medium":false,"medium_large":false,"large":false,"1536x1536":false,"2048x2048":false},"uagb_author_info":{"display_name":"admin","author_link":"https:\/\/medgtechnik.com\/deu\/author\/admin\/"},"uagb_comment_info":0,"uagb_excerpt":"Impressum MedGTechnik UG Filippo GiaimoSpezialisten f\u00fcr An\u00e4sthesie- &amp; Beatmungsger\u00e4teM\u00fcnsterdamm 948366 Laer Kontakt Telefon: +49 (0) 176 843 156 95E-Mail: info@medgtechnik.com [&hellip;]","_links":{"self":[{"href":"https:\/\/medgtechnik.com\/deu\/wp-json\/wp\/v2\/pages\/1752","targetHints":{"allow":["GET"]}}],"collection":[{"href":"https:\/\/medgtechnik.com\/deu\/wp-json\/wp\/v2\/pages"}],"about":[{"href":"https:\/\/medgtechnik.com\/deu\/wp-json\/wp\/v2\/types\/page"}],"author":[{"embeddable":true,"href":"https:\/\/medgtechnik.com\/deu\/wp-json\/wp\/v2\/users\/1"}],"replies":[{"embeddable":true,"href":"https:\/\/medgtechnik.com\/deu\/wp-json\/wp\/v2\/comments?post=1752"}],"version-history":[{"count":10,"href":"https:\/\/medgtechnik.com\/deu\/wp-json\/wp\/v2\/pages\/1752\/revisions"}],"predecessor-version":[{"id":1954,"href":"https:\/\/medgtechnik.com\/deu\/wp-json\/wp\/v2\/pages\/1752\/revisions\/1954"}],"wp:attachment":[{"href":"https:\/\/medgtechnik.com\/deu\/wp-json\/wp\/v2\/media?parent=1752"}],"curies":[{"name":"wp","href":"https:\/\/api.w.org\/{rel}","templated":true}]}}