{"id":885,"date":"2022-02-02T06:59:11","date_gmt":"2022-02-02T06:59:11","guid":{"rendered":"http:\/\/medgtechnik.com\/home\/"},"modified":"2025-10-13T11:51:11","modified_gmt":"2025-10-13T11:51:11","slug":"startseite","status":"publish","type":"page","link":"https:\/\/medgtechnik.com\/deu\/","title":{"rendered":"Startseite"},"content":{"rendered":"\n<div class=\"wp-block-uagb-container herobanner uagb-block-e01ccadd alignfull uagb-is-root-container\">\n<div class=\"wp-block-uagb-container uagb-block-0b663b87\">\n<div class=\"wp-block-uagb-container uagb-block-84596b1c\">\n<svg viewBox=\"0 0 14400 3000\">\n    <path class=\"sine-path\" d=\"M -2400 1500 C -2000 500, -1600 500, -1200 1500 C -1000 2300, -800 2300, -600 1500 C -400 700, -200 700, 0 1500 C 200 2300, 400 2300, 600 1500 C 800 700, 1000 700, 1200 1500 C 1400 2300, 1600 2300, 1800 1500 C 2000 700, 2200 700, 2400 1500 C 2600 2300, 2800 2300, 3000 1500 C 3200 700, 3400 700, 3600 1500 C 3800 2300, 4000 2300, 4200 1500 C 4400 700, 4600 700, 4800 1500 C 5000 2300, 5200 2300, 5400 1500 C 5600 700, 5800 700, 6000 1500 C 6200 2300, 6400 2300, 6600 1500 C 6800 700, 7000 700, 7200 1500 C 7400 2300, 7600 2300, 7800 1500 C 8000 700, 8200 700, 8400 1500 C 8600 2300, 8800 2300, 9000 1500 C 9200 700, 9400 700, 9600 1500 C 9800 2300, 10000 2300, 10200 1500 C 10400 700, 10600 700, 10800 1500 C 11000 2300, 11200 2300, 11400 1500 C 11600 700, 11800 700, 12000 1500 C 12200 2300, 12400 2300, 12600 1500 C 12800 700, 13000 700, 13200 1500 C 13400 2300, 13600 2300, 13800 1500 C 14000 700, 14200 700, 14400 1500 C 14600 2300, 14800 2300, 15000 1500 C 15200 700, 15400 700, 15600 1500 C 15800 2300, 16000 2300, 16200 1500 C 16400 700, 16600 700, 16800 1500 C 17000 2300, 17200 2300, 17400 1500 C 17600 700, 17800 700, 18000 1500\" \/>\n  <\/svg>\n<\/div>\n\n\n\n<div class=\"wp-block-uagb-container uagb-block-00c45152 alignfull uagb-is-root-container\"><div class=\"uagb-container-inner-blocks-wrap\">\n<div class=\"wp-block-uagb-advanced-heading uagb-block-85d8150f\"><h1 class=\"uagb-heading-text\">MedGTechnik<\/h1><p class=\"uagb-desc-text\">Spezialisten f\u00fcr An\u00e4sthesie- &amp; Beatmungsger\u00e4te<\/p><\/div>\n\n\n\n<p class=\"has-ast-global-color-5-color has-text-color has-link-color wp-elements-96586be009b86f10a7c599723c1a9119\" style=\"font-size:21px\"><em>Ihre Adresse f\u00fcr umfassende elektromedizinische L\u00f6sungen<\/em><\/p>\n\n\n\n<figure class=\"wp-block-image size-full is-resized autobild\"><img loading=\"lazy\" decoding=\"async\" width=\"598\" height=\"240\" src=\"https:\/\/medgtechnik.com\/deu\/wp-content\/uploads\/sites\/5\/2025\/10\/MedGTechnik_Praesentation_Auto-Kopie.webp\" alt=\"\" class=\"wp-image-2174\" style=\"box-shadow:none;width:520px\" srcset=\"https:\/\/medgtechnik.com\/deu\/wp-content\/uploads\/sites\/5\/2025\/10\/MedGTechnik_Praesentation_Auto-Kopie.webp 598w, https:\/\/medgtechnik.com\/deu\/wp-content\/uploads\/sites\/5\/2025\/10\/MedGTechnik_Praesentation_Auto-Kopie-300x120.webp 300w\" sizes=\"auto, (max-width: 598px) 100vw, 598px\" \/><\/figure>\n<\/div><\/div>\n<\/div>\n<\/div>\n\n\n\n<div class=\"wp-block-uagb-container background-pattern uagb-block-b8876bf9 alignfull uagb-is-root-container\"><div class=\"uagb-container-inner-blocks-wrap\">\n<h2 class=\"wp-block-heading has-text-align-center\"><span class=\"highlighted-text\">Unsere Leistungen<\/span><\/h2>\n\n\n\n<div data-aos= \"fade-up\" data-aos-duration=\"400\" data-aos-delay=\"0\" data-aos-easing=\"ease\" data-aos-once=\"true\" class=\"wp-block-uagb-container uagb-block-daaf1d6b alignfull uagb-is-root-container\"><div class=\"uagb-container-inner-blocks-wrap\">\n<div class=\"wp-block-uagb-container uagb-block-e09105bc\">\n<div class=\"wp-block-uagb-info-box uagb-block-0821c753 uagb-infobox__content-wrap  uagb-infobox-icon-above-title uagb-infobox-image-valign-top wp-block-uagb-info-box--has-margin\"><div class=\"uagb-infobox-margin-wrapper\"><div class=\"uagb-ifb-content\"><div class=\"uagb-ifb-icon-wrap\"><svg xmlns=\"https:\/\/www.w3.org\/2000\/svg\" viewBox=\"0 0 576 512\"><path d=\"M96 0C107.5 0 117.4 8.19 119.6 19.51L121.1 32H541.8C562.1 32 578.3 52.25 572.6 72.66L518.6 264.7C514.7 278.5 502.1 288 487.8 288H170.7L179.9 336H488C501.3 336 512 346.7 512 360C512 373.3 501.3 384 488 384H159.1C148.5 384 138.6 375.8 136.4 364.5L76.14 48H24C10.75 48 0 37.25 0 24C0 10.75 10.75 0 24 0H96zM128 464C128 437.5 149.5 416 176 416C202.5 416 224 437.5 224 464C224 490.5 202.5 512 176 512C149.5 512 128 490.5 128 464zM512 464C512 490.5 490.5 512 464 512C437.5 512 416 490.5 416 464C416 437.5 437.5 416 464 416C490.5 416 512 437.5 512 464z\"><\/path><\/svg><\/div><div class=\"uagb-ifb-title-wrap\"><h3 class=\"uagb-ifb-title\">Erwerb von Medizinprodukten<\/h3><\/div><p class=\"uagb-ifb-desc\"><strong>MedGTechnik<\/strong> ist spezialisiert auf den Erwerb hochwertiger Medizinprodukte, mit Schwerpunkt auf An\u00e4sthesie- und Beatmungsger\u00e4ten. Das Unternehmen bezieht zuverl\u00e4ssige, innovative Technologie von vertrauensw\u00fcrdigen Herstellern, um h\u00f6chste Leistung und Sicherheit f\u00fcr Gesundheitsdienstleister zu gew\u00e4hrleisten. Jeder Einkauf wird sorgf\u00e4ltig gepr\u00fcft, um strenge Industriestandards zu erf\u00fcllen.<\/p><\/div><\/div><\/div>\n<a class=\"spectra-container-link-overlay\" rel=\"noopener\" href=\"https:\/\/medgtechnik.com\/deu\/unsere-leistungen\/erwerb\/\"> <\/a><\/div>\n\n\n\n<div class=\"wp-block-uagb-container uagb-block-11f2a0cd\">\n<div class=\"wp-block-uagb-info-box uagb-block-951d8e24 uagb-infobox__content-wrap  uagb-infobox-icon-above-title uagb-infobox-image-valign-top wp-block-uagb-info-box--has-margin\"><div class=\"uagb-infobox-margin-wrapper\"><div class=\"uagb-ifb-content\"><div class=\"uagb-ifb-icon-wrap\"><svg xmlns=\"https:\/\/www.w3.org\/2000\/svg\" viewBox=\"0 0 640 512\"><path d=\"M0 155.2C0 147.9 2.153 140.8 6.188 134.7L81.75 21.37C90.65 8.021 105.6 0 121.7 0H518.3C534.4 0 549.3 8.021 558.2 21.37L633.8 134.7C637.8 140.8 640 147.9 640 155.2C640 175.5 623.5 192 603.2 192H36.84C16.5 192 .0003 175.5 .0003 155.2H0zM64 224H128V384H320V224H384V464C384 490.5 362.5 512 336 512H112C85.49 512 64 490.5 64 464V224zM512 224H576V480C576 497.7 561.7 512 544 512C526.3 512 512 497.7 512 480V224z\"><\/path><\/svg><\/div><div class=\"uagb-ifb-title-wrap\"><h3 class=\"uagb-ifb-title\">Verkauf von Medizinprodukten<\/h3><\/div><p class=\"uagb-ifb-desc\"><strong>MedGTechnik<\/strong> bietet eine breite Palette von An\u00e4sthesie- und Beatmungsger\u00e4ten zum Verkauf an, die auf Krankenh\u00e4user, Kliniken und medizinische Einrichtungen zugeschnitten sind. Wir liefern gr\u00fcndlich gepr\u00fcfte, zertifizierte Ger\u00e4te zu wettbewerbsf\u00e4higen Preisen und stellen sicher, dass Kunden zuverl\u00e4ssige L\u00f6sungen erhalten. Eine fachkundige Beratung unterst\u00fctzt die Kaufentscheidungen.<\/p><\/div><\/div><\/div>\n<a class=\"spectra-container-link-overlay\" rel=\"noopener\" href=\"https:\/\/medgtechnik.com\/deu\/unsere-leistungen\/verkauf\/\"> <\/a><\/div>\n\n\n\n<div class=\"wp-block-uagb-container uagb-block-b8271bd3\">\n<div class=\"wp-block-uagb-info-box uagb-block-6f31950c uagb-infobox__content-wrap  uagb-infobox-icon-above-title uagb-infobox-image-valign-top wp-block-uagb-info-box--has-margin\"><div class=\"uagb-infobox-margin-wrapper\"><div class=\"uagb-ifb-content\"><div class=\"uagb-ifb-icon-wrap\"><svg xmlns=\"https:\/\/www.w3.org\/2000\/svg\" viewBox=\"0 0 512 512\"><path d=\"M256 0C397.4 0 512 114.6 512 256C512 397.4 397.4 512 256 512C201.7 512 151.2 495 109.7 466.1C95.2 455.1 91.64 436 101.8 421.5C111.9 407 131.8 403.5 146.3 413.6C177.4 435.3 215.2 448 256 448C362 448 448 362 448 256C448 149.1 362 64 256 64C202.1 64 155 85.46 120.2 120.2L151 151C166.1 166.1 155.4 192 134.1 192H24C10.75 192 0 181.3 0 168V57.94C0 36.56 25.85 25.85 40.97 40.97L74.98 74.98C121.3 28.69 185.3 0 255.1 0L256 0zM256 128C269.3 128 280 138.7 280 152V246.1L344.1 311C354.3 320.4 354.3 335.6 344.1 344.1C335.6 354.3 320.4 354.3 311 344.1L239 272.1C234.5 268.5 232 262.4 232 256V152C232 138.7 242.7 128 256 128V128z\"><\/path><\/svg><\/div><div class=\"uagb-ifb-title-wrap\"><h3 class=\"uagb-ifb-title\">Vermietung von Medizinprodukten<\/h3><\/div><p class=\"uagb-ifb-desc\"><strong>MedGTechnik<\/strong> bietet flexible Mietoptionen f\u00fcr An\u00e4sthesie- und Beatmungsger\u00e4te, ideal f\u00fcr kurzfristige oder Notfallbed\u00fcrfnisse. Die Mietger\u00e4te werden nach h\u00f6chsten Standards gewartet und bieten kosteneffiziente L\u00f6sungen ohne Qualit\u00e4tskompromisse. Dieser Service unterst\u00fctzt Gesundheitsdienstleister dabei, tempor\u00e4re Anforderungen effizient zu bew\u00e4ltigen.<\/p><\/div><\/div><\/div>\n<a class=\"spectra-container-link-overlay\" rel=\"noopener\" href=\"https:\/\/medgtechnik.com\/deu\/unsere-leistungen\/vermietung\/\"> <\/a><\/div>\n<\/div><\/div>\n<\/div><\/div>\n\n\n\n<div class=\"wp-block-uagb-container uagb-block-9c74ca5a alignfull uagb-is-root-container\"><div class=\"uagb-container__shape uagb-container__shape-top\"><svg xmlns=\"https:\/\/www.w3.org\/2000\/svg\" viewBox=\"0 0 700 10\" preserveAspectRatio=\"none\"><path class=\"uagb-container__shape-fill\" d=\"M350,10L340,0h20L350,10z\"><\/path><\/svg><\/div><div class=\"uagb-container-inner-blocks-wrap\">\n<p class=\"has-text-align-center has-ast-global-color-3-color has-text-color has-link-color has-large-font-size wp-elements-9c56c79ea751c0a2a3e8113dee7489b6\" style=\"margin-top:0;margin-bottom:0\"><strong><span class=\"highlighted-text\">MedGTechnik: Vorteile auf einen Blick<\/span><\/strong><\/p>\n\n\n\n<div class=\"wp-block-uagb-container uagb-block-7c6c70fa alignfull uagb-is-root-container\"><div class=\"uagb-container-inner-blocks-wrap\">\n<div class=\"wp-block-uagb-container uagb-block-5a8ed45b alignfull uagb-is-root-container\">\n<div data-aos= \"fade-up\" data-aos-duration=\"400\" data-aos-delay=\"0\" data-aos-easing=\"ease\" data-aos-once=\"true\" class=\"wp-block-uagb-container uagb-block-27005781\">\n<div class=\"wp-block-uagb-info-box uagb-block-670d5026 uagb-infobox__content-wrap  uagb-infobox-icon-above-title uagb-infobox-image-valign-top\"><div class=\"uagb-ifb-content\"><div class=\"uagb-ifb-icon-wrap\"><svg xmlns=\"https:\/\/www.w3.org\/2000\/svg\" viewBox=\"0 0 512 512\"><path d=\"M0 256C0 114.6 114.6 0 256 0C397.4 0 512 114.6 512 256C512 397.4 397.4 512 256 512C114.6 512 0 397.4 0 256zM371.8 211.8C382.7 200.9 382.7 183.1 371.8 172.2C360.9 161.3 343.1 161.3 332.2 172.2L224 280.4L179.8 236.2C168.9 225.3 151.1 225.3 140.2 236.2C129.3 247.1 129.3 264.9 140.2 275.8L204.2 339.8C215.1 350.7 232.9 350.7 243.8 339.8L371.8 211.8z\"><\/path><\/svg><\/div><div class=\"uagb-ifb-title-wrap\"><h3 class=\"uagb-ifb-title\"><strong>Fachwissen und Erfahrung<\/strong><\/h3><\/div><p class=\"uagb-ifb-desc\">Mit \u00fcber drei Jahrzehnten gesammelter Erfahrung in diesem Bereich bringen wir unvergleichliches Wissen und K\u00f6nnen in jeden Service ein, den wir anbieten.<\/p><\/div><\/div>\n<\/div>\n\n\n\n<div data-aos= \"fade-up\" data-aos-duration=\"400\" data-aos-delay=\"0\" data-aos-easing=\"ease\" data-aos-once=\"true\" class=\"wp-block-uagb-container uagb-block-e93a0c58\">\n<div class=\"wp-block-uagb-info-box uagb-block-509e1567 uagb-infobox__content-wrap  uagb-infobox-icon-above-title uagb-infobox-image-valign-top\"><div class=\"uagb-ifb-content\"><div class=\"uagb-ifb-icon-wrap\"><svg xmlns=\"https:\/\/www.w3.org\/2000\/svg\" viewBox=\"0 0 512 512\"><path d=\"M0 256C0 114.6 114.6 0 256 0C397.4 0 512 114.6 512 256C512 397.4 397.4 512 256 512C114.6 512 0 397.4 0 256zM371.8 211.8C382.7 200.9 382.7 183.1 371.8 172.2C360.9 161.3 343.1 161.3 332.2 172.2L224 280.4L179.8 236.2C168.9 225.3 151.1 225.3 140.2 236.2C129.3 247.1 129.3 264.9 140.2 275.8L204.2 339.8C215.1 350.7 232.9 350.7 243.8 339.8L371.8 211.8z\"><\/path><\/svg><\/div><div class=\"uagb-ifb-title-wrap\"><h3 class=\"uagb-ifb-title\"><strong>Umfassende Dienstleistungen<\/strong><\/h3><\/div><p class=\"uagb-ifb-desc\">Wir bieten eine breite Palette von Dienstleistungen an und sind damit Ihre All-in-One-L\u00f6sung rund um das Thema Intensivpflegeger\u00e4te.<\/p><\/div><\/div>\n<\/div>\n<\/div>\n<\/div><\/div>\n\n\n\n<div class=\"wp-block-uagb-container uagb-block-eab20702 alignfull uagb-is-root-container\">\n<div data-aos= \"fade-up\" data-aos-duration=\"400\" data-aos-delay=\"0\" data-aos-easing=\"ease\" data-aos-once=\"true\" class=\"wp-block-uagb-container uagb-block-b564116a\">\n<div class=\"wp-block-uagb-info-box uagb-block-ca3b897a uagb-infobox__content-wrap  uagb-infobox-icon-above-title uagb-infobox-image-valign-top\"><div class=\"uagb-ifb-content\"><div class=\"uagb-ifb-icon-wrap\"><svg xmlns=\"https:\/\/www.w3.org\/2000\/svg\" viewBox=\"0 0 512 512\"><path d=\"M0 256C0 114.6 114.6 0 256 0C397.4 0 512 114.6 512 256C512 397.4 397.4 512 256 512C114.6 512 0 397.4 0 256zM371.8 211.8C382.7 200.9 382.7 183.1 371.8 172.2C360.9 161.3 343.1 161.3 332.2 172.2L224 280.4L179.8 236.2C168.9 225.3 151.1 225.3 140.2 236.2C129.3 247.1 129.3 264.9 140.2 275.8L204.2 339.8C215.1 350.7 232.9 350.7 243.8 339.8L371.8 211.8z\"><\/path><\/svg><\/div><div class=\"uagb-ifb-title-wrap\"><h3 class=\"uagb-ifb-title\"><strong>Qualit\u00e4t und Sicherheit<\/strong><\/h3><\/div><p class=\"uagb-ifb-desc\">Unser Engagement f\u00fcr Exzellenz gew\u00e4hrleistet hochwertige Handwerkskunst und die Einhaltung der h\u00f6chsten Sicherheitsstandards bei jedem Projekt.<\/p><\/div><\/div>\n<\/div>\n\n\n\n<div data-aos= \"fade-up\" data-aos-duration=\"400\" data-aos-delay=\"0\" data-aos-easing=\"ease\" data-aos-once=\"true\" class=\"wp-block-uagb-container uagb-block-b2e39d80\">\n<div class=\"wp-block-uagb-info-box uagb-block-ddc8b07e uagb-infobox__content-wrap  uagb-infobox-icon-above-title uagb-infobox-image-valign-top\"><div class=\"uagb-ifb-content\"><div class=\"uagb-ifb-icon-wrap\"><svg xmlns=\"https:\/\/www.w3.org\/2000\/svg\" viewBox=\"0 0 512 512\"><path d=\"M0 256C0 114.6 114.6 0 256 0C397.4 0 512 114.6 512 256C512 397.4 397.4 512 256 512C114.6 512 0 397.4 0 256zM371.8 211.8C382.7 200.9 382.7 183.1 371.8 172.2C360.9 161.3 343.1 161.3 332.2 172.2L224 280.4L179.8 236.2C168.9 225.3 151.1 225.3 140.2 236.2C129.3 247.1 129.3 264.9 140.2 275.8L204.2 339.8C215.1 350.7 232.9 350.7 243.8 339.8L371.8 211.8z\"><\/path><\/svg><\/div><div class=\"uagb-ifb-title-wrap\"><h3 class=\"uagb-ifb-title\"><strong>Schneller und zuverl\u00e4ssiger Service<\/strong><\/h3><\/div><p class=\"uagb-ifb-desc\">Wir sind stolz auf unsere schnellen Reaktionszeiten und zuverl\u00e4ssigen L\u00f6sungen, die Ihre Ausfallzeiten minimieren und die Effizienz maximieren.<\/p><\/div><\/div>\n<\/div>\n<\/div>\n\n\n\n<div class=\"wp-block-uagb-container uagb-block-48e1cbba alignfull uagb-is-root-container\">\n<div data-aos= \"fade-up\" data-aos-duration=\"400\" data-aos-delay=\"0\" data-aos-easing=\"ease\" data-aos-once=\"true\" class=\"wp-block-uagb-container uagb-block-2afc10f9\">\n<div class=\"wp-block-uagb-info-box uagb-block-92a1ac42 uagb-infobox__content-wrap  uagb-infobox-icon-above-title uagb-infobox-image-valign-top\"><div class=\"uagb-ifb-content\"><div class=\"uagb-ifb-icon-wrap\"><svg xmlns=\"https:\/\/www.w3.org\/2000\/svg\" viewBox=\"0 0 512 512\"><path d=\"M0 256C0 114.6 114.6 0 256 0C397.4 0 512 114.6 512 256C512 397.4 397.4 512 256 512C114.6 512 0 397.4 0 256zM371.8 211.8C382.7 200.9 382.7 183.1 371.8 172.2C360.9 161.3 343.1 161.3 332.2 172.2L224 280.4L179.8 236.2C168.9 225.3 151.1 225.3 140.2 236.2C129.3 247.1 129.3 264.9 140.2 275.8L204.2 339.8C215.1 350.7 232.9 350.7 243.8 339.8L371.8 211.8z\"><\/path><\/svg><\/div><div class=\"uagb-ifb-title-wrap\"><h3 class=\"uagb-ifb-title\"><strong><strong>Ma\u00dfgeschneiderte L\u00f6sungen<\/strong><\/strong><\/h3><\/div><p class=\"uagb-ifb-desc\">Unsere ma\u00dfgeschneiderten Dienstleistungen kommen Ihren spezifischen Anforderungen entgegen und gew\u00e4hrleisten optimale Leistung und reibungslosen Betrieb Ihrer Ger\u00e4te.<\/p><\/div><\/div>\n<\/div>\n\n\n\n<div data-aos= \"fade-up\" data-aos-duration=\"400\" data-aos-delay=\"0\" data-aos-easing=\"ease\" data-aos-once=\"true\" class=\"wp-block-uagb-container uagb-block-5d2da202\">\n<div class=\"wp-block-uagb-info-box uagb-block-4a5d32c0 uagb-infobox__content-wrap  uagb-infobox-icon-above-title uagb-infobox-image-valign-top\"><div class=\"uagb-ifb-content\"><div class=\"uagb-ifb-icon-wrap\"><svg xmlns=\"https:\/\/www.w3.org\/2000\/svg\" viewBox=\"0 0 512 512\"><path d=\"M0 256C0 114.6 114.6 0 256 0C397.4 0 512 114.6 512 256C512 397.4 397.4 512 256 512C114.6 512 0 397.4 0 256zM371.8 211.8C382.7 200.9 382.7 183.1 371.8 172.2C360.9 161.3 343.1 161.3 332.2 172.2L224 280.4L179.8 236.2C168.9 225.3 151.1 225.3 140.2 236.2C129.3 247.1 129.3 264.9 140.2 275.8L204.2 339.8C215.1 350.7 232.9 350.7 243.8 339.8L371.8 211.8z\"><\/path><\/svg><\/div><div class=\"uagb-ifb-title-wrap\"><h3 class=\"uagb-ifb-title\"><strong><strong>Professionelle Schulungen<\/strong><\/strong><\/h3><\/div><p class=\"uagb-ifb-desc\">Wir bieten umfassende Schulungen f\u00fcr Ihr technisches Personal an, um sie mit den F\u00e4higkeiten und dem Wissen f\u00fcr hervorragende Leistungen auszustatten.<\/p><\/div><\/div>\n<\/div>\n<\/div>\n\n\n\n<div class=\"wp-block-uagb-buttons uagb-buttons__outer-wrap uagb-btn__default-btn uagb-btn-tablet__default-btn uagb-btn-mobile__default-btn uagb-block-c9b5428e\"><div class=\"uagb-buttons__wrap uagb-buttons-layout-wrap \">\n<div class=\"wp-block-uagb-buttons-child uagb-buttons__outer-wrap uagb-block-d537a2c5 wp-block-button\"><div class=\"uagb-button__wrapper\"><a class=\"uagb-buttons-repeater wp-block-button__link\" aria-label=\"\" href=\"\/deu\/kontakt\" rel=\"follow noopener\" target=\"_self\" role=\"button\"><div class=\"uagb-button__link\">Kontakt aufnehmen<\/div><\/a><\/div><\/div>\n<\/div><\/div>\n<\/div><\/div>\n\n\n\n<div class=\"wp-block-uagb-container background-pattern uagb-block-d1273c10 alignfull uagb-is-root-container\"><div class=\"uagb-container-inner-blocks-wrap\">\n<div class=\"wp-block-uagb-container uagb-block-7e6a3ffb\">\n<div data-aos= \"fade-up\" data-aos-duration=\"400\" data-aos-delay=\"0\" data-aos-easing=\"ease\" data-aos-once=\"true\" class=\"wp-block-uagb-container uagb-block-a5600fbd alignfull uagb-is-root-container\">\n<div class=\"wp-block-uagb-container uagb-block-68af2231\">\n<div class=\"wp-block-uagb-info-box uagb-block-a0b1bbdf uagb-infobox__content-wrap  uagb-infobox-icon-above-title uagb-infobox-image-valign-top\"><div class=\"uagb-ifb-content\"><div class=\"uagb-ifb-title-wrap\"><h3 class=\"uagb-ifb-title\">Wo wir arbeiten<\/h3><\/div><p class=\"uagb-ifb-desc\"><strong>MedGTechnik<\/strong> erobert ganz Europa im Sturm und bedient Kunden in einer Vielzahl von L\u00e4ndern. Unsere Hauptschwerpunkte liegen zwar in Italien, doch unsere Reichweite erstreckt sich \u00fcber den gesamten Kontinent, um auch anderen europ\u00e4ischen L\u00e4ndern erstklassige Dienstleistungen anzubieten.<\/p><\/div><\/div>\n<\/div>\n<\/div>\n<\/div>\n<\/div><\/div>\n","protected":false},"excerpt":{"rendered":"<p>MedGTechnik Spezialisten f\u00fcr An\u00e4sthesie- &amp; Beatmungsger\u00e4te Ihre Adresse f\u00fcr umfassende elektromedizinische L\u00f6sungen Unsere Leistungen MedGTechnik: Vorteile auf einen Blick<\/p>\n","protected":false},"author":1,"featured_media":0,"parent":0,"menu_order":0,"comment_status":"closed","ping_status":"closed","template":"","meta":{"_uag_custom_page_level_css":"","site-sidebar-layout":"no-sidebar","site-content-layout":"plain-container","ast-site-content-layout":"normal-width-container","site-content-style":"unboxed","site-sidebar-style":"unboxed","ast-global-header-display":"","ast-banner-title-visibility":"","ast-main-header-display":"","ast-hfb-above-header-display":"","ast-hfb-below-header-display":"","ast-hfb-mobile-header-display":"","site-post-title":"disabled","ast-breadcrumbs-content":"","ast-featured-img":"disabled","footer-sml-layout":"","theme-transparent-header-meta":"enabled","adv-header-id-meta":"","stick-header-meta":"","header-above-stick-meta":"","header-main-stick-meta":"","header-below-stick-meta":"","astra-migrate-meta-layouts":"set","ast-page-background-enabled":"default","ast-page-background-meta":{"desktop":{"background-color":"var(--ast-global-color-4)","background-image":"","background-repeat":"repeat","background-position":"center center","background-size":"auto","background-attachment":"scroll","background-type":"","background-media":"","overlay-type":"","overlay-color":"","overlay-opacity":"","overlay-gradient":""},"tablet":{"background-color":"","background-image":"","background-repeat":"repeat","background-position":"center center","background-size":"auto","background-attachment":"scroll","background-type":"","background-media":"","overlay-type":"","overlay-color":"","overlay-opacity":"","overlay-gradient":""},"mobile":{"background-color":"","background-image":"","background-repeat":"repeat","background-position":"center center","background-size":"auto","background-attachment":"scroll","background-type":"","background-media":"","overlay-type":"","overlay-color":"","overlay-opacity":"","overlay-gradient":""}},"ast-content-background-meta":{"desktop":{"background-color":"var(--ast-global-color-5)","background-image":"","background-repeat":"repeat","background-position":"center center","background-size":"auto","background-attachment":"scroll","background-type":"","background-media":"","overlay-type":"","overlay-color":"","overlay-opacity":"","overlay-gradient":""},"tablet":{"background-color":"var(--ast-global-color-5)","background-image":"","background-repeat":"repeat","background-position":"center center","background-size":"auto","background-attachment":"scroll","background-type":"","background-media":"","overlay-type":"","overlay-color":"","overlay-opacity":"","overlay-gradient":""},"mobile":{"background-color":"var(--ast-global-color-5)","background-image":"","background-repeat":"repeat","background-position":"center center","background-size":"auto","background-attachment":"scroll","background-type":"","background-media":"","overlay-type":"","overlay-color":"","overlay-opacity":"","overlay-gradient":""}},"footnotes":""},"class_list":["post-885","page","type-page","status-publish","hentry"],"uagb_featured_image_src":{"full":false,"thumbnail":false,"medium":false,"medium_large":false,"large":false,"1536x1536":false,"2048x2048":false},"uagb_author_info":{"display_name":"admin","author_link":"https:\/\/medgtechnik.com\/deu\/author\/admin\/"},"uagb_comment_info":0,"uagb_excerpt":"MedGTechnik Spezialisten f\u00fcr An\u00e4sthesie- &amp; Beatmungsger\u00e4te Ihre Adresse f\u00fcr umfassende elektromedizinische L\u00f6sungen Unsere Leistungen MedGTechnik: Vorteile auf einen Blick","_links":{"self":[{"href":"https:\/\/medgtechnik.com\/deu\/wp-json\/wp\/v2\/pages\/885","targetHints":{"allow":["GET"]}}],"collection":[{"href":"https:\/\/medgtechnik.com\/deu\/wp-json\/wp\/v2\/pages"}],"about":[{"href":"https:\/\/medgtechnik.com\/deu\/wp-json\/wp\/v2\/types\/page"}],"author":[{"embeddable":true,"href":"https:\/\/medgtechnik.com\/deu\/wp-json\/wp\/v2\/users\/1"}],"replies":[{"embeddable":true,"href":"https:\/\/medgtechnik.com\/deu\/wp-json\/wp\/v2\/comments?post=885"}],"version-history":[{"count":110,"href":"https:\/\/medgtechnik.com\/deu\/wp-json\/wp\/v2\/pages\/885\/revisions"}],"predecessor-version":[{"id":2183,"href":"https:\/\/medgtechnik.com\/deu\/wp-json\/wp\/v2\/pages\/885\/revisions\/2183"}],"wp:attachment":[{"href":"https:\/\/medgtechnik.com\/deu\/wp-json\/wp\/v2\/media?parent=885"}],"curies":[{"name":"wp","href":"https:\/\/api.w.org\/{rel}","templated":true}]}}