{"id":891,"date":"2022-02-02T07:00:29","date_gmt":"2022-02-02T07:00:29","guid":{"rendered":"http:\/\/medgtechnik.com\/contact\/"},"modified":"2025-07-25T11:32:46","modified_gmt":"2025-07-25T11:32:46","slug":"kontakt","status":"publish","type":"page","link":"https:\/\/medgtechnik.com\/deu\/kontakt\/","title":{"rendered":"Kontakt"},"content":{"rendered":"\n<div class=\"wp-block-uagb-container background-pattern uagb-block-688aeef7 alignfull uagb-is-root-container\"><div class=\"uagb-container-inner-blocks-wrap\">\n<div class=\"wp-block-uagb-advanced-heading uagb-block-977bfcb9\"><h1 class=\"uagb-heading-text\">Kontakt<\/h1><\/div>\n<\/div><\/div>\n\n\n\n<div class=\"wp-block-uagb-container uagb-block-55aae1d3 alignfull uagb-is-root-container\"><div class=\"uagb-container-inner-blocks-wrap\">\n<div class=\"wp-block-uagb-container uagb-block-47588b54\">\n<h5 class=\"wp-block-heading has-ast-global-color-0-color has-text-color has-link-color wp-elements-704bffc406ac2c282609fb5b6431e831\">Ihre L\u00f6sung f\u00fcr An\u00e4sthesie- und Beatmungsger\u00e4te<\/h5>\n\n\n\n<p><strong>MedGTechnik <\/strong>ist Ihr zuverl\u00e4ssiger Partner f\u00fcr hochwertige An\u00e4sthesie- und Beatmungsger\u00e4te. Wir bieten sorgf\u00e4ltig gepr\u00fcfte Ger\u00e4te zum Kauf, flexible Mietl\u00f6sungen f\u00fcr kurzfristige Bed\u00fcrfnisse und ma\u00dfgeschneiderte Beratung, um die besten L\u00f6sungen f\u00fcr Krankenh\u00e4user, Kliniken und medizinische Einrichtungen zu gew\u00e4hrleisten. Alle Ger\u00e4te entsprechen h\u00f6chsten Industriestandards, um Sicherheit und Leistung in der Patientenversorgung zu sichern. Kontaktieren Sie uns f\u00fcr ma\u00dfgeschneiderte L\u00f6sungen!<\/p>\n<\/div>\n\n\n\n<div class=\"wp-block-uagb-container uagb-block-b29ef384\">\n<div class=\"wp-block-columns is-layout-flex wp-container-core-columns-is-layout-28f84493 wp-block-columns-is-layout-flex\">\n<div class=\"wp-block-column is-layout-flow wp-block-column-is-layout-flow\" style=\"flex-basis:100%\">\n<div class=\"wp-block-uagb-forms uagb-forms__outer-wrap uagb-block-1ec36125 uagb-forms__medium-btn\"><form class=\"uagb-forms-main-form\" method=\"post\" autocomplete=\"on\" name=\"uagb-form-1ec36125\">\n<div class=\"wp-block-uagb-forms-name uagb-forms-name-wrap uagb-forms-field-set uagb-block-d8f3f3b7 uag-col-2\"><div class=\"uagb-forms-name-label required uagb-forms-input-label\" id=\"d8f3f3b7\">First Name<\/div><input type=\"text\" placeholder=\"Name\" required class=\"uagb-forms-name-input uagb-forms-input\" name=\"d8f3f3b7\" autocomplete=\"given-name\"\/><\/div>\n\n\n\n<div class=\"wp-block-uagb-forms-email uagb-forms-email-wrap uagb-forms-field-set uagb-block-af3c43e5\"><div class=\"uagb-forms-email-label required uagb-forms-input-label\" id=\"af3c43e5\">Email<\/div><input type=\"email\" class=\"uagb-forms-email-input uagb-forms-input\" placeholder=\"E-Mail Adresse\" required name=\"af3c43e5\" autocomplete=\"email\"\/><\/div>\n\n\n\n<div class=\"wp-block-uagb-forms-name uagb-forms-name-wrap uagb-forms-field-set uagb-block-28294d33 uag-col-2\"><div class=\"uagb-forms-name-label  uagb-forms-input-label\" id=\"28294d33\">Last Name<\/div><input type=\"text\" placeholder=\"Telefonnummer (optional)\" class=\"uagb-forms-name-input uagb-forms-input\" name=\"28294d33\" autocomplete=\"family-name\"\/><\/div>\n\n\n\n<div class=\"wp-block-uagb-forms-textarea uagb-forms-textarea-wrap uagb-forms-field-set uagb-block-291b38bf\"><div class=\"uagb-forms-textarea-label required uagb-forms-input-label\" id=\"291b38bf\">Message<\/div><textarea required class=\"uagb-forms-textarea-input uagb-forms-input\" rows=\"7\" placeholder=\"Ihre Nachricht\" name=\"291b38bf\" autocomplete=\"off\"><\/textarea><\/div>\n\n\n\n<div class=\"wp-block-uagb-forms-accept uagb-forms-accept-wrap uagb-forms-field-set uagb-block-dfb01412\"><input type=\"checkbox\" name=\"dfb01412\" required value=\"Agree\" class=\"uagb-forms-checkbox\" id=\"uagb-forms-accept-dfb01412\"\/><label name=\"dfb01412\" for=\"uagb-forms-accept-dfb01412\" class=\"uagb-forms-accept-label required\" id=\"dfb01412\">Ich habe die Datenschutzerkl\u00e4rung zur Kenntnis genommen und stimme zu, dass meine Angaben und Daten zur Beantwortung der Anfrage elektronisch erhoben, gespeichert und nach abschlie\u00dfender Bearbeitung gel\u00f6scht werden. Sie k\u00f6nnen Ihre Einwilligung jederzeit per E-Mail an info@medgtechnik.com widerrufen.<\/label><br\/><\/div>\n<div class=\"uagb-forms-form-hidden-data\"><input type=\"hidden\" id=\"g-recaptcha-response\" class=\"uagb-forms-recaptcha\"\/><input type=\"hidden\" class=\"uagb_forms_form_label\" value=\"Spectra Form\"\/><input type=\"hidden\" class=\"uagb_forms_form_id\" value=\"uagb-form-1ec36125\"\/><\/div><div class=\"g-recaptcha uagb-forms-field-set\" data-sitekey=\"\"><\/div><div class=\"uagb-form-reacaptcha-error-1ec36125\"><\/div><div class=\"uagb-forms-main-submit-button-wrap wp-block-button\"><button class=\"uagb-forms-main-submit-button wp-block-button__link\"><div class=\"uagb-forms-main-submit-button-text\">Absenden<\/div><\/button><\/div><\/form><div class=\"uagb-forms-success-message-1ec36125 uagb-forms-submit-message-hide\"><span>Ihre Nachricht wurde erfolgreich versandt!<\/span><\/div><div class=\"uagb-forms-failed-message-1ec36125 uagb-forms-submit-message-hide\"><span>Bitte \u00fcberpr\u00fcfen Sie nochmal Ihre Eingaben! <\/span><\/div><\/div>\n<\/div>\n<\/div>\n<\/div>\n<\/div><\/div>\n\n\n\n<div class=\"wp-block-uagb-container background-pattern uagb-block-2597c756 alignfull uagb-is-root-container\"><div class=\"uagb-container-inner-blocks-wrap\">\n<div style=\"height:100px\" aria-hidden=\"true\" class=\"wp-block-spacer\"><\/div>\n\n\n\n<h5 class=\"wp-block-heading has-ast-global-color-0-color has-text-color has-link-color wp-elements-8838a03fd606ef1543430ce7291682cc\">MedGTechnik UG<\/h5>\n\n\n\t\t\t<div data-aos= \"fade-up\" data-aos-duration=\"400\" data-aos-delay=\"0\" data-aos-easing=\"ease\" data-aos-once=\"true\" \n\t\t\tclass=\"wp-block-uagb-google-map uagb-google-map__wrap uagb-block-f33a26e3     \"\n\t\t\tstyle=\"\" >\n\t\t\t\t<embed\n\t\t\t\t\tclass=\"uagb-google-map__iframe\"\n\t\t\t\t\ttitle=\"Google Map for \"\n\t\t\t\t\tsrc=\"https:\/\/maps.google.com\/maps?q=Laer%2C%20M%C3%BCnsterdamm%209&#038;z=12&#038;hl=en&#038;t=m&#038;output=embed&#038;iwloc=near\"\n\t\t\t\t\twidth=\"640\"\n\t\t\t\t\theight=\"479\"\n\t\t\t\t\tloading=\"lazy\"\n\t\t\t\t><\/embed>\n\t\t\t<\/div>\n\t\t\t\n\n\n<div style=\"height:75px\" aria-hidden=\"true\" class=\"wp-block-spacer\"><\/div>\n<\/div><\/div>\n","protected":false},"excerpt":{"rendered":"<p>Kontakt Ihre L\u00f6sung f\u00fcr An\u00e4sthesie- und Beatmungsger\u00e4te MedGTechnik ist Ihr zuverl\u00e4ssiger Partner f\u00fcr hochwertige An\u00e4sthesie- und Beatmungsger\u00e4te. Wir bieten sorgf\u00e4ltig [&hellip;]<\/p>\n","protected":false},"author":1,"featured_media":0,"parent":0,"menu_order":0,"comment_status":"closed","ping_status":"closed","template":"","meta":{"_uag_custom_page_level_css":"","site-sidebar-layout":"no-sidebar","site-content-layout":"plain-container","ast-site-content-layout":"normal-width-container","site-content-style":"unboxed","site-sidebar-style":"unboxed","ast-global-header-display":"","ast-banner-title-visibility":"","ast-main-header-display":"","ast-hfb-above-header-display":"","ast-hfb-below-header-display":"","ast-hfb-mobile-header-display":"","site-post-title":"disabled","ast-breadcrumbs-content":"","ast-featured-img":"disabled","footer-sml-layout":"","theme-transparent-header-meta":"enabled","adv-header-id-meta":"","stick-header-meta":"","header-above-stick-meta":"","header-main-stick-meta":"","header-below-stick-meta":"","astra-migrate-meta-layouts":"set","ast-page-background-enabled":"default","ast-page-background-meta":{"desktop":{"background-color":"var(--ast-global-color-4)","background-image":"","background-repeat":"repeat","background-position":"center center","background-size":"auto","background-attachment":"scroll","background-type":"","background-media":"","overlay-type":"","overlay-color":"","overlay-opacity":"","overlay-gradient":""},"tablet":{"background-color":"","background-image":"","background-repeat":"repeat","background-position":"center center","background-size":"auto","background-attachment":"scroll","background-type":"","background-media":"","overlay-type":"","overlay-color":"","overlay-opacity":"","overlay-gradient":""},"mobile":{"background-color":"","background-image":"","background-repeat":"repeat","background-position":"center center","background-size":"auto","background-attachment":"scroll","background-type":"","background-media":"","overlay-type":"","overlay-color":"","overlay-opacity":"","overlay-gradient":""}},"ast-content-background-meta":{"desktop":{"background-color":"var(--ast-global-color-5)","background-image":"","background-repeat":"repeat","background-position":"center center","background-size":"auto","background-attachment":"scroll","background-type":"","background-media":"","overlay-type":"","overlay-color":"","overlay-opacity":"","overlay-gradient":""},"tablet":{"background-color":"var(--ast-global-color-5)","background-image":"","background-repeat":"repeat","background-position":"center center","background-size":"auto","background-attachment":"scroll","background-type":"","background-media":"","overlay-type":"","overlay-color":"","overlay-opacity":"","overlay-gradient":""},"mobile":{"background-color":"var(--ast-global-color-5)","background-image":"","background-repeat":"repeat","background-position":"center center","background-size":"auto","background-attachment":"scroll","background-type":"","background-media":"","overlay-type":"","overlay-color":"","overlay-opacity":"","overlay-gradient":""}},"footnotes":""},"class_list":["post-891","page","type-page","status-publish","hentry"],"uagb_featured_image_src":{"full":false,"thumbnail":false,"medium":false,"medium_large":false,"large":false,"1536x1536":false,"2048x2048":false},"uagb_author_info":{"display_name":"admin","author_link":"https:\/\/medgtechnik.com\/deu\/author\/admin\/"},"uagb_comment_info":0,"uagb_excerpt":"Kontakt Ihre L\u00f6sung f\u00fcr An\u00e4sthesie- und Beatmungsger\u00e4te MedGTechnik ist Ihr zuverl\u00e4ssiger Partner f\u00fcr hochwertige An\u00e4sthesie- und Beatmungsger\u00e4te. Wir bieten sorgf\u00e4ltig [&hellip;]","_links":{"self":[{"href":"https:\/\/medgtechnik.com\/deu\/wp-json\/wp\/v2\/pages\/891","targetHints":{"allow":["GET"]}}],"collection":[{"href":"https:\/\/medgtechnik.com\/deu\/wp-json\/wp\/v2\/pages"}],"about":[{"href":"https:\/\/medgtechnik.com\/deu\/wp-json\/wp\/v2\/types\/page"}],"author":[{"embeddable":true,"href":"https:\/\/medgtechnik.com\/deu\/wp-json\/wp\/v2\/users\/1"}],"replies":[{"embeddable":true,"href":"https:\/\/medgtechnik.com\/deu\/wp-json\/wp\/v2\/comments?post=891"}],"version-history":[{"count":7,"href":"https:\/\/medgtechnik.com\/deu\/wp-json\/wp\/v2\/pages\/891\/revisions"}],"predecessor-version":[{"id":1950,"href":"https:\/\/medgtechnik.com\/deu\/wp-json\/wp\/v2\/pages\/891\/revisions\/1950"}],"wp:attachment":[{"href":"https:\/\/medgtechnik.com\/deu\/wp-json\/wp\/v2\/media?parent=891"}],"curies":[{"name":"wp","href":"https:\/\/api.w.org\/{rel}","templated":true}]}}