{"id":887,"date":"2022-02-02T06:59:35","date_gmt":"2022-02-02T06:59:35","guid":{"rendered":"http:\/\/medgtechnik.com\/about\/"},"modified":"2025-10-13T13:54:05","modified_gmt":"2025-10-13T13:54:05","slug":"chi-siamo","status":"publish","type":"page","link":"https:\/\/medgtechnik.com\/it\/chi-siamo\/","title":{"rendered":"Chi Siamo"},"content":{"rendered":"\n<div class=\"wp-block-uagb-container background-pattern uagb-block-5dc2645e alignfull uagb-is-root-container\"><div class=\"uagb-container-inner-blocks-wrap\">\n<div class=\"wp-block-uagb-advanced-heading uagb-block-80e096c9\"><h1 class=\"uagb-heading-text\">Chi Siamo<\/h1><\/div>\n\n\n\n<div class=\"wp-block-media-text has-media-on-the-right is-stacked-on-mobile\" style=\"grid-template-columns:auto 20%\"><div class=\"wp-block-media-text__content\">\n<h2 class=\"wp-block-heading has-ast-global-color-0-color has-text-color has-link-color wp-elements-c7f700546c701d0f66ec42dc3b6f5c01\">Filippo Giaimo (CEO)<\/h2>\n<\/div><figure class=\"wp-block-media-text__media\"><img loading=\"lazy\" decoding=\"async\" width=\"400\" height=\"400\" src=\"https:\/\/medgtechnik.com\/it\/wp-content\/uploads\/sites\/2\/2025\/10\/filippo-Kopie.png\" alt=\"\" class=\"wp-image-1916 size-full\" srcset=\"https:\/\/medgtechnik.com\/it\/wp-content\/uploads\/sites\/2\/2025\/10\/filippo-Kopie.png 400w, https:\/\/medgtechnik.com\/it\/wp-content\/uploads\/sites\/2\/2025\/10\/filippo-Kopie-300x300.png 300w, https:\/\/medgtechnik.com\/it\/wp-content\/uploads\/sites\/2\/2025\/10\/filippo-Kopie-150x150.png 150w\" sizes=\"auto, (max-width: 400px) 100vw, 400px\" \/><\/figure><\/div>\n\n\n\n<div class=\"wp-block-group alignwide is-nowrap is-layout-flex wp-container-core-group-is-layout-6c531013 wp-block-group-is-layout-flex\">\n<p class=\"has-text-align-left\"> Dopo pochi mesi essermi diplomato come <strong><em>perito in elettronica e telecomunicazioni<\/em><\/strong>, ho iniziato nel settembre <strong><em>1988 <\/em><\/strong>come tecnico presso un\u2019azienda di riparazione radio-TV, e montaggio di antenne terrestri e satellitari. Nel <strong><em>1991 <\/em><\/strong>ho fondato la mia prima attivit\u00e0 di riparazione radio-TV, ma dopo alcuni anni ho realizzato che il settore era gi\u00e0 saturo a causa della crescente concorrenza cinese. Ho cercato nuove opportunit\u00e0 o idee per non adattarmi passivamente a questa realt\u00e0 in declino. La mia occasione \u00e8 arrivata nel <strong><em>1996<\/em><\/strong>, quando ho iniziato un\u2019attivit\u00e0 completamente nuova ma interessante, non pi\u00f9 come tecnico di riparazione radio-TV, ma come tecnico elettromedicale. Era l\u2019alba dell\u2019ingegneria clinica. Ho iniziato subito con l\u2019inventario delle apparecchiature elettromedicali, e questa \u00e8 stata l\u2019occasione per conoscere tutti i tipi di apparecchiature, accrescendo in me l\u2019entusiasmo e la convinzione per la scelta fatta. Fin dall\u2019inizio il mio obiettivo era conoscere e imparare i vari tipi di dispositivi, le loro differenze, il loro funzionamento e le loro applicazioni. Gi\u00e0 nei primi anni con le apparecchiature elettromedicali \u00e8 cresciuto il mio interesse per il settore della ventilazione e dell\u2019anestesia, un settore molto delicato, rischioso ma stimolante allo stesso tempo. La mia collaborazione \u00e8 iniziata prima con un\u2019azienda che operava nel settore della laparoscopia e delle sorgenti luminose, quindi in stretto contatto con le sale operatorie. Il punto di svolta \u00e8 arrivato nel <strong><em>2001<\/em><\/strong>, quando ho iniziato a lavorare con un\u2019agenzia Dr\u00e4ger in Italia, che operava strettamente nel settore della ventilazione. Cos\u00ec sono iniziati anche i primi corsi di formazione sulla ventilazione, e questo \u00e8 continuato fino al <strong><em>2005<\/em><\/strong>, quando, ormai noto come tecnico della ventilazione, sono stato assunto per lavorare in un\u2019azienda con cui abbiamo creato il centro specialistico di ventilazione, gestendo una scuola per corsi di formazione per tecnici, fungendo io stesso da tutor. Essendo sempre stato motivato nel settore e avendo avuto l\u2019opportunit\u00e0 di confrontarmi con la realt\u00e0 tedesca, nel 2014, dopo una decisione dolorosa ma plausibile, ho deciso di intraprendere una nuova realt\u00e0 lavorativa trasferendomi in Germania, lavorando per un grande ospedale universitario come specialista tecnico della ventilazione. Cos\u00ec ho avuto la fortuna e l\u2019opportunit\u00e0 di partecipare a corsi di formazione, come L\u00f6wenstein Medical, Erbe, Weyer, Hamilton, GE, ricevendo formazione e preparazione dalle case madri. Ho deciso che era il momento, come nel 1991, di rischiare fondando un\u2019azienda elettromedicale, cos\u00ec prima nel <strong><em>2017 <\/em><\/strong>, fondo un azienda denominata <strong>Giaimo Medizintechniker<\/strong>, azienda che si occupa di attivita\u00b4 di riparazioni e manutenzioni su apparecchiature del settore anestesia e ventilazione, azienda attiva sino ad oggi. Nel dicembre <strong><em>2023 <\/em><\/strong>nasce la societa\u00b4 <strong>Med G Technik<\/strong>, una societa\u00b4 nata da tutte le conoscenze professionali e tecniche ricevute nei decenni di esperienza nel settore Medicale, un\u2019azienda che svolge sia interventi correttivi che preventivi, offrendo corsi di formazione per personale tecnico, servizi di consulenza e logistica. Un\u2019azienda che ha l\u2019obiettivo di operare nel settore della ventilazione, oggi chiamato Critical Care, in modo altamente professionale, mettendo al primo posto la qualit\u00e0 e la sicurezza degli interventi eseguiti (la famosa frase scritta nei rapporti di lavoro <strong><em>\u201clavori eseguiti a regola d\u2019arte\u201d<\/em><\/strong>), una garanzia assoluta per il paziente finale. Da diversi anni collaboro con aziende multinazionali nel settore dei servizi di ingegneria clinica che operano sia in Italia che in Europa. Il mio obiettivo \u00e8 fornire e creare un servizio sia di manutenzione correttiva che programmata al massimo livello, formando, attraverso i corsi di formazione offerti, tecnici motivati e professionalmente preparati a operare a qualsiasi livello per le attivit\u00e0 svolte.<\/p>\n<\/div>\n<\/div><\/div>\n","protected":false},"excerpt":{"rendered":"<p>Chi Siamo Filippo Giaimo (CEO) Dopo pochi mesi essermi diplomato come perito in elettronica e telecomunicazioni, ho iniziato nel settembre [&hellip;]<\/p>\n","protected":false},"author":1,"featured_media":0,"parent":0,"menu_order":0,"comment_status":"closed","ping_status":"closed","template":"","meta":{"_uag_custom_page_level_css":"","site-sidebar-layout":"no-sidebar","site-content-layout":"plain-container","ast-site-content-layout":"normal-width-container","site-content-style":"unboxed","site-sidebar-style":"unboxed","ast-global-header-display":"","ast-banner-title-visibility":"","ast-main-header-display":"","ast-hfb-above-header-display":"","ast-hfb-below-header-display":"","ast-hfb-mobile-header-display":"","site-post-title":"disabled","ast-breadcrumbs-content":"","ast-featured-img":"disabled","footer-sml-layout":"","theme-transparent-header-meta":"enabled","adv-header-id-meta":"","stick-header-meta":"","header-above-stick-meta":"","header-main-stick-meta":"","header-below-stick-meta":"","astra-migrate-meta-layouts":"set","ast-page-background-enabled":"default","ast-page-background-meta":{"desktop":{"background-color":"var(--ast-global-color-4)","background-image":"","background-repeat":"repeat","background-position":"center center","background-size":"auto","background-attachment":"scroll","background-type":"","background-media":"","overlay-type":"","overlay-color":"","overlay-opacity":"","overlay-gradient":""},"tablet":{"background-color":"","background-image":"","background-repeat":"repeat","background-position":"center center","background-size":"auto","background-attachment":"scroll","background-type":"","background-media":"","overlay-type":"","overlay-color":"","overlay-opacity":"","overlay-gradient":""},"mobile":{"background-color":"","background-image":"","background-repeat":"repeat","background-position":"center center","background-size":"auto","background-attachment":"scroll","background-type":"","background-media":"","overlay-type":"","overlay-color":"","overlay-opacity":"","overlay-gradient":""}},"ast-content-background-meta":{"desktop":{"background-color":"var(--ast-global-color-5)","background-image":"","background-repeat":"repeat","background-position":"center center","background-size":"auto","background-attachment":"scroll","background-type":"","background-media":"","overlay-type":"","overlay-color":"","overlay-opacity":"","overlay-gradient":""},"tablet":{"background-color":"var(--ast-global-color-5)","background-image":"","background-repeat":"repeat","background-position":"center center","background-size":"auto","background-attachment":"scroll","background-type":"","background-media":"","overlay-type":"","overlay-color":"","overlay-opacity":"","overlay-gradient":""},"mobile":{"background-color":"var(--ast-global-color-5)","background-image":"","background-repeat":"repeat","background-position":"center center","background-size":"auto","background-attachment":"scroll","background-type":"","background-media":"","overlay-type":"","overlay-color":"","overlay-opacity":"","overlay-gradient":""}},"footnotes":""},"class_list":["post-887","page","type-page","status-publish","hentry"],"uagb_featured_image_src":{"full":false,"thumbnail":false,"medium":false,"medium_large":false,"large":false,"1536x1536":false,"2048x2048":false},"uagb_author_info":{"display_name":"admin","author_link":"https:\/\/medgtechnik.com\/it\/author\/admin\/"},"uagb_comment_info":0,"uagb_excerpt":"Chi Siamo Filippo Giaimo (CEO) Dopo pochi mesi essermi diplomato come perito in elettronica e telecomunicazioni, ho iniziato nel settembre [&hellip;]","_links":{"self":[{"href":"https:\/\/medgtechnik.com\/it\/wp-json\/wp\/v2\/pages\/887","targetHints":{"allow":["GET"]}}],"collection":[{"href":"https:\/\/medgtechnik.com\/it\/wp-json\/wp\/v2\/pages"}],"about":[{"href":"https:\/\/medgtechnik.com\/it\/wp-json\/wp\/v2\/types\/page"}],"author":[{"embeddable":true,"href":"https:\/\/medgtechnik.com\/it\/wp-json\/wp\/v2\/users\/1"}],"replies":[{"embeddable":true,"href":"https:\/\/medgtechnik.com\/it\/wp-json\/wp\/v2\/comments?post=887"}],"version-history":[{"count":4,"href":"https:\/\/medgtechnik.com\/it\/wp-json\/wp\/v2\/pages\/887\/revisions"}],"predecessor-version":[{"id":1917,"href":"https:\/\/medgtechnik.com\/it\/wp-json\/wp\/v2\/pages\/887\/revisions\/1917"}],"wp:attachment":[{"href":"https:\/\/medgtechnik.com\/it\/wp-json\/wp\/v2\/media?parent=887"}],"curies":[{"name":"wp","href":"https:\/\/api.w.org\/{rel}","templated":true}]}}